{"id":721,"date":"2022-02-16T12:38:01","date_gmt":"2022-02-16T12:38:01","guid":{"rendered":"https:\/\/olt-spedition.com\/?page_id=721"},"modified":"2023-04-05T11:21:50","modified_gmt":"2023-04-05T11:21:50","slug":"osteuropa-spedition","status":"publish","type":"page","link":"https:\/\/olt-spedition.com\/en\/osteuropa-spedition","title":{"rendered":"Eastern European Haulage"},"content":{"rendered":"<div data-elementor-type=\"wp-page\" data-elementor-id=\"721\" class=\"elementor elementor-721\" data-elementor-post-type=\"page\">\n\t\t\t\t\t\t<section class=\"elementor-section elementor-top-section elementor-element elementor-element-82aad71 elementor-section-height-min-height elementor-section-full_width elementor-section-height-default elementor-section-items-middle\" data-id=\"82aad71\" data-element_type=\"section\" data-e-type=\"section\" data-settings=\"{&quot;background_background&quot;:&quot;slideshow&quot;,&quot;background_slideshow_gallery&quot;:[{&quot;id&quot;:1525,&quot;url&quot;:&quot;https:\\\/\\\/olt-spedition.com\\\/wp-content\\\/uploads\\\/logistik.jpg&quot;},{&quot;id&quot;:1526,&quot;url&quot;:&quot;https:\\\/\\\/olt-spedition.com\\\/wp-content\\\/uploads\\\/lagerhaus.jpg&quot;},{&quot;id&quot;:1524,&quot;url&quot;:&quot;https:\\\/\\\/olt-spedition.com\\\/wp-content\\\/uploads\\\/transporte.jpg&quot;},{&quot;id&quot;:1527,&quot;url&quot;:&quot;https:\\\/\\\/olt-spedition.com\\\/wp-content\\\/uploads\\\/herausforderung.jpg&quot;}],&quot;background_slideshow_ken_burns&quot;:&quot;yes&quot;,&quot;background_slideshow_loop&quot;:&quot;yes&quot;,&quot;background_slideshow_slide_duration&quot;:5000,&quot;background_slideshow_slide_transition&quot;:&quot;fade&quot;,&quot;background_slideshow_transition_duration&quot;:500,&quot;background_slideshow_ken_burns_zoom_direction&quot;:&quot;in&quot;}\">\n\t\t\t\t\t\t<div class=\"elementor-container elementor-column-gap-no\">\n\t\t\t\t\t<div class=\"elementor-column elementor-col-100 elementor-top-column elementor-element elementor-element-43287c2\" data-id=\"43287c2\" data-element_type=\"column\" data-e-type=\"column\" data-settings=\"{&quot;background_background&quot;:&quot;classic&quot;}\">\n\t\t\t<div class=\"elementor-widget-wrap elementor-element-populated\">\n\t\t\t\t\t\t<div class=\"elementor-element elementor-element-c4203a0 elementor-hidden-mobile elementor--h-position-center elementor--v-position-middle elementor-arrows-position-inside elementor-pagination-position-inside elementor-widget elementor-widget-slides\" data-id=\"c4203a0\" data-element_type=\"widget\" data-e-type=\"widget\" data-settings=\"{&quot;navigation&quot;:&quot;both&quot;,&quot;autoplay&quot;:&quot;yes&quot;,&quot;pause_on_hover&quot;:&quot;yes&quot;,&quot;pause_on_interaction&quot;:&quot;yes&quot;,&quot;autoplay_speed&quot;:5000,&quot;infinite&quot;:&quot;yes&quot;,&quot;transition&quot;:&quot;slide&quot;,&quot;transition_speed&quot;:500}\" data-widget_type=\"slides.default\">\n\t\t\t\t<div class=\"elementor-widget-container\">\n\t\t\t\t\t<div class=\"elementor-swiper\">\n\t\t\t\t\t<div class=\"elementor-slides-wrapper elementor-main-swiper swiper\" role=\"region\" aria-roledescription=\"carousel\" aria-label=\"Slider\" dir=\"ltr\" data-animation=\"fadeInUp\">\n\t\t\t\t<div class=\"swiper-wrapper elementor-slides\">\n\t\t\t\t\t\t\t\t\t\t<div class=\"elementor-repeater-item-b68a266 swiper-slide\" role=\"group\" aria-roledescription=\"slide\"><div class=\"swiper-slide-bg\" role=\"img\" aria-label=\"O.L.T. Spedition GmbH Ost Logistik &amp; Transport\"><\/div><div class=\"swiper-slide-inner\" ><div class=\"swiper-slide-contents\"><div class=\"elementor-slide-heading\">Transporte jeder Art - schnell, sicher, preiswert<\/div><\/div><\/div><\/div><div class=\"elementor-repeater-item-3cf0fbd swiper-slide\" role=\"group\" aria-roledescription=\"slide\"><div class=\"swiper-slide-bg\" role=\"img\" aria-label=\"O.L.T. Spedition GmbH Ost Logistik &amp; Transport\"><\/div><div class=\"swiper-slide-inner\" ><div class=\"swiper-slide-contents\"><div class=\"elementor-slide-heading\">Gutes sicher bewahren - Sicherheit hat Priorit\u00e4t<\/div><\/div><\/div><\/div><div class=\"elementor-repeater-item-1f81b94 swiper-slide\" role=\"group\" aria-roledescription=\"slide\"><div class=\"swiper-slide-bg\" role=\"img\" aria-label=\"O.L.T. Spedition GmbH Ost Logistik &amp; Transport\"><\/div><div class=\"swiper-slide-inner\" ><div class=\"swiper-slide-contents\"><div class=\"elementor-slide-heading\">Spezialist f\u00fcr Transporte zwischen Deutschland und Osteuropa<\/div><\/div><\/div><\/div><div class=\"elementor-repeater-item-7b685de swiper-slide\" role=\"group\" aria-roledescription=\"slide\"><div class=\"swiper-slide-bg\" role=\"img\" aria-label=\"O.L.T. Spedition GmbH Ost Logistik &amp; Transport\"><\/div><div class=\"swiper-slide-inner\" ><div class=\"swiper-slide-contents\"><div class=\"elementor-slide-heading\">Transporte jeder Art - schnell, sicher, preiswert<\/div><\/div><\/div><\/div><div class=\"elementor-repeater-item-626dce5 swiper-slide\" role=\"group\" aria-roledescription=\"slide\"><div class=\"swiper-slide-bg\" role=\"img\" aria-label=\"O.L.T. Spedition GmbH Ost Logistik &amp; Transport\"><\/div><div class=\"swiper-slide-inner\" ><div class=\"swiper-slide-contents\"><div class=\"elementor-slide-heading\">Jeder Herausforderung gewachsen - immer einen Schritt voraus<\/div><\/div><\/div><\/div>\t\t\t\t<\/div>\n\t\t\t\t\t\t\t\t\t\t\t\t\t\t\t<div class=\"elementor-swiper-button elementor-swiper-button-prev\" role=\"button\" tabindex=\"0\" aria-label=\"Vorheriger Slide\">\n\t\t\t\t\t\t\t<i aria-hidden=\"true\" class=\"eicon-chevron-left\"><\/i>\t\t\t\t\t\t<\/div>\n\t\t\t\t\t\t<div class=\"elementor-swiper-button elementor-swiper-button-next\" role=\"button\" tabindex=\"0\" aria-label=\"N\u00e4chster Slide\">\n\t\t\t\t\t\t\t<i aria-hidden=\"true\" class=\"eicon-chevron-right\"><\/i>\t\t\t\t\t\t<\/div>\n\t\t\t\t\t\t\t\t\t\t\t\t\t\t\t\t<div class=\"swiper-pagination\"><\/div>\n\t\t\t\t\t\t\t\t\t\t\t\t<\/div>\n\t\t\t\t<\/div>\t\t\t\t<\/div>\n\t\t\t\t<\/div>\n\t\t\t\t<div class=\"elementor-element elementor-element-6b345fd elementor-hidden-desktop elementor-hidden-tablet elementor-widget elementor-widget-theme-site-logo elementor-widget-image\" data-id=\"6b345fd\" data-element_type=\"widget\" data-e-type=\"widget\" data-widget_type=\"theme-site-logo.default\">\n\t\t\t\t<div class=\"elementor-widget-container\">\n\t\t\t\t\t<a href=\"https:\/\/olt-spedition.com\/en\">\n\t\t\t<img decoding=\"async\" width=\"420\" height=\"80\" src=\"https:\/\/olt-spedition.com\/wp-content\/uploads\/logo-5.png\" class=\"attachment-full size-full wp-image-1492\" alt=\"O.L.T. Spedition GmbH Ost Logistik &amp; Transport\" srcset=\"https:\/\/olt-spedition.com\/wp-content\/uploads\/logo-5.png 420w, https:\/\/olt-spedition.com\/wp-content\/uploads\/logo-5-300x57.png 300w\" sizes=\"(max-width: 420px) 100vw, 420px\" \/>\t\t\t\t<\/a>\t\t\t\t<\/div>\n\t\t\t\t<\/div>\n\t\t\t\t<div class=\"elementor-element elementor-element-d9e6c2e elementor-hidden-desktop elementor-hidden-tablet elementor-widget elementor-widget-heading\" data-id=\"d9e6c2e\" data-element_type=\"widget\" data-e-type=\"widget\" data-widget_type=\"heading.default\">\n\t\t\t\t<div class=\"elementor-widget-container\">\n\t\t\t\t\t<h2 class=\"elementor-heading-title elementor-size-default\">Jeder herausforderung gewachsen - immer einen Schritt voraus<\/h2>\t\t\t\t<\/div>\n\t\t\t\t<\/div>\n\t\t\t\t\t<\/div>\n\t\t<\/div>\n\t\t\t\t\t<\/div>\n\t\t<\/section>\n\t\t\t\t<section class=\"elementor-section elementor-top-section elementor-element elementor-element-92350dc elementor-section-boxed elementor-section-height-default elementor-section-height-default\" data-id=\"92350dc\" data-element_type=\"section\" data-e-type=\"section\">\n\t\t\t\t\t\t<div class=\"elementor-container elementor-column-gap-default\">\n\t\t\t\t\t<div class=\"elementor-column elementor-col-100 elementor-top-column elementor-element elementor-element-ca520e2\" data-id=\"ca520e2\" data-element_type=\"column\" data-e-type=\"column\">\n\t\t\t<div class=\"elementor-widget-wrap elementor-element-populated\">\n\t\t\t\t\t\t<div class=\"elementor-element elementor-element-04a3732 elementor-vertical-align-middle elementor-widget__width-initial elementor-widget-mobile__width-inherit elementor-widget elementor-widget-image-box\" data-id=\"04a3732\" data-element_type=\"widget\" data-e-type=\"widget\" data-widget_type=\"image-box.default\">\n\t\t\t\t<div class=\"elementor-widget-container\">\n\t\t\t\t\t<div class=\"elementor-image-box-wrapper\"><div class=\"elementor-image-box-content\"><h1 class=\"elementor-image-box-title\">Ihre Osteuropa-Spedition<\/h1><p class=\"elementor-image-box-description\">Transporte nach Rum\u00e4nien, Bulgarien, Moldawien, Baltikum, Estland, Lettland und Litauen<\/p><\/div><\/div>\t\t\t\t<\/div>\n\t\t\t\t<\/div>\n\t\t\t\t<div class=\"elementor-element elementor-element-d6338d8 elementor-vertical-align-middle elementor-widget__width-initial elementor-widget-mobile__width-inherit elementor-widget elementor-widget-image-box\" data-id=\"d6338d8\" data-element_type=\"widget\" data-e-type=\"widget\" data-widget_type=\"image-box.default\">\n\t\t\t\t<div class=\"elementor-widget-container\">\n\t\t\t\t\t<style>.elementor-element-d6338d8{display:none !important}<\/style>\t\t\t\t<\/div>\n\t\t\t\t<\/div>\n\t\t\t\t<div class=\"elementor-element elementor-element-9c037a8 elementor-position-right elementor-widget__width-inherit elementor-vertical-align-top elementor-widget elementor-widget-image-box\" data-id=\"9c037a8\" data-element_type=\"widget\" data-e-type=\"widget\" data-widget_type=\"image-box.default\">\n\t\t\t\t<div class=\"elementor-widget-container\">\n\t\t\t\t\t<div class=\"elementor-image-box-wrapper\"><figure class=\"elementor-image-box-img\"><img fetchpriority=\"high\" decoding=\"async\" width=\"670\" height=\"568\" src=\"https:\/\/olt-spedition.com\/wp-content\/uploads\/geokarte.png\" class=\"attachment-full size-full wp-image-1508\" alt=\"O.L.T. Spedition GmbH Ost Logistik &amp; Transport\" srcset=\"https:\/\/olt-spedition.com\/wp-content\/uploads\/geokarte.png 670w, https:\/\/olt-spedition.com\/wp-content\/uploads\/geokarte-300x254.png 300w\" sizes=\"(max-width: 670px) 100vw, 670px\" \/><\/figure><div class=\"elementor-image-box-content\"><p class=\"elementor-image-box-description\">O.L.T. f\u00fchrt mehrmals w\u00f6chentliche Transportfahrten nach Rum\u00e4nien, Bulgarien, Moldawien, Baltikum, Estland, Lettland und Litauen durch. Andere L\u00e4nder in Osteuropa fahren wir gerne nach Anfrage an. Egal, ob Komplett- oder Teilladungen, Gefahrguttransporte, Schwerraum- oder Sammelguttransporte - die O.L.T. Spedition &amp; Logistik ist Ihr <b>Spezialist f\u00fcr Osteuropa<\/b>, wenn es um Transporte geht.\n<br><br>\nAb unserem Lager in M\u00fcnchen fahren wir zweimal in der Woche Sammelgut nach Rum\u00e4nien. Wir organisieren die Transporte \u00fcber feste Kooperationspartner in Rum\u00e4nien. Selbstverst\u00e4ndlich \u00fcbernehmen wir auch die Zollabfertigung in den jeweiligen osteurop\u00e4ischen L\u00e4ndern.\n<br><br>\nVertrauen Sie auf Ihren Spezialisten f\u00fcr Transporte nach Ost-Europa!<\/p><\/div><\/div>\t\t\t\t<\/div>\n\t\t\t\t<\/div>\n\t\t\t\t<div class=\"elementor-element elementor-element-cd9c7fc elementor-tablet-align-left elementor-widget elementor-widget-button\" data-id=\"cd9c7fc\" data-element_type=\"widget\" data-e-type=\"widget\" data-widget_type=\"button.default\">\n\t\t\t\t<div class=\"elementor-widget-container\">\n\t\t\t\t\t<div class=\"elementor-button-wrapper\">\n\t\t\t\t\t<a class=\"elementor-button elementor-button-link elementor-size-sm\" href=\"https:\/\/www.youtube.com\/watch?v=D60S3c5c12U&#038;ab_channel=ClipsTelegateAG\" target=\"_blank\">\n\t\t\t\t\t\t<span class=\"elementor-button-content-wrapper\">\n\t\t\t\t\t\t\t\t\t<span class=\"elementor-button-text\">Erfahren Sie mehr in unserem Firmenvideo<\/span>\n\t\t\t\t\t<\/span>\n\t\t\t\t\t<\/a>\n\t\t\t\t<\/div>\t\t\t\t<\/div>\n\t\t\t\t<\/div>\n\t\t\t\t\t<\/div>\n\t\t<\/div>\n\t\t\t\t\t<\/div>\n\t\t<\/section>\n\t\t\t\t<\/div>","protected":false},"excerpt":{"rendered":"<p>Transporte jeder Art &#8211; schnell, sicher, preiswertGutes sicher bewahren &#8211; Sicherheit hat Priorit\u00e4tSpezialist f\u00fcr Transporte zwischen Deutschland und OsteuropaTransporte jeder Art &#8211; schnell, sicher, preiswertJeder Herausforderung gewachsen &#8211; immer einen Schritt voraus Voriger N\u00e4chster Jeder herausforderung gewachsen &#8211; immer einen Schritt voraus Ihre Osteuropa-Spedition Transporte nach Rum\u00e4nien, Bulgarien, Moldawien, Baltikum, Estland, Lettland und Litauen Geografie [&hellip;]<\/p>\n","protected":false},"author":1,"featured_media":0,"parent":0,"menu_order":0,"comment_status":"closed","ping_status":"closed","template":"","meta":{"footnotes":""},"class_list":["post-721","page","type-page","status-publish","hentry"],"yoast_head":"<!-- This site is optimized with the Yoast SEO plugin v27.5 - https:\/\/yoast.com\/product\/yoast-seo-wordpress\/ -->\n<title>O.L.T. Spedition GmbH - Osteuropa Spedition<\/title>\n<meta name=\"description\" content=\"Ihre erfahrene und leistungsstarke Osteuropa-Spedition ist die O.L.T. Spedition GmbH Ost Logistik &amp; Transport aus M\u00fcnchen.\" \/>\n<meta name=\"robots\" content=\"index, follow, max-snippet:-1, max-image-preview:large, max-video-preview:-1\" \/>\n<link rel=\"canonical\" href=\"https:\/\/olt-spedition.com\/en\/osteuropa-spedition\/\" \/>\n<meta property=\"og:locale\" content=\"en_GB\" \/>\n<meta property=\"og:type\" content=\"article\" \/>\n<meta property=\"og:title\" content=\"O.L.T. Spedition GmbH - Osteuropa Spedition\" \/>\n<meta property=\"og:description\" content=\"Ihre erfahrene und leistungsstarke Osteuropa-Spedition ist die O.L.T. Spedition GmbH Ost Logistik &amp; Transport aus M\u00fcnchen.\" \/>\n<meta property=\"og:url\" content=\"https:\/\/olt-spedition.com\/en\/osteuropa-spedition\/\" \/>\n<meta property=\"og:site_name\" content=\"O.L.T. Spedition\" \/>\n<meta property=\"article:modified_time\" content=\"2023-04-05T11:21:50+00:00\" \/>\n<meta property=\"og:image\" content=\"https:\/\/olt-spedition.com\/wp-content\/uploads\/geokarte.png\" \/>\n<meta name=\"twitter:card\" content=\"summary_large_image\" \/>\n<meta name=\"twitter:label1\" content=\"Estimated reading time\" \/>\n\t<meta name=\"twitter:data1\" content=\"2 minutes\" \/>\n<script type=\"application\/ld+json\" class=\"yoast-schema-graph\">{\"@context\":\"https:\\\/\\\/schema.org\",\"@graph\":[{\"@type\":\"WebPage\",\"@id\":\"https:\\\/\\\/olt-spedition.com\\\/osteuropa-spedition\",\"url\":\"https:\\\/\\\/olt-spedition.com\\\/osteuropa-spedition\",\"name\":\"O.L.T. Spedition GmbH - Osteuropa Spedition\",\"isPartOf\":{\"@id\":\"https:\\\/\\\/olt-spedition.com\\\/#website\"},\"primaryImageOfPage\":{\"@id\":\"https:\\\/\\\/olt-spedition.com\\\/osteuropa-spedition#primaryimage\"},\"image\":{\"@id\":\"https:\\\/\\\/olt-spedition.com\\\/osteuropa-spedition#primaryimage\"},\"thumbnailUrl\":\"https:\\\/\\\/olt-spedition.com\\\/wp-content\\\/uploads\\\/geokarte.png\",\"datePublished\":\"2022-02-16T12:38:01+00:00\",\"dateModified\":\"2023-04-05T11:21:50+00:00\",\"description\":\"Ihre erfahrene und leistungsstarke Osteuropa-Spedition ist die O.L.T. Spedition GmbH Ost Logistik & Transport aus M\u00fcnchen.\",\"breadcrumb\":{\"@id\":\"https:\\\/\\\/olt-spedition.com\\\/osteuropa-spedition#breadcrumb\"},\"inLanguage\":\"en-GB\",\"potentialAction\":[{\"@type\":\"ReadAction\",\"target\":[\"https:\\\/\\\/olt-spedition.com\\\/osteuropa-spedition\"]}]},{\"@type\":\"ImageObject\",\"inLanguage\":\"en-GB\",\"@id\":\"https:\\\/\\\/olt-spedition.com\\\/osteuropa-spedition#primaryimage\",\"url\":\"https:\\\/\\\/olt-spedition.com\\\/wp-content\\\/uploads\\\/geokarte.png\",\"contentUrl\":\"https:\\\/\\\/olt-spedition.com\\\/wp-content\\\/uploads\\\/geokarte.png\"},{\"@type\":\"BreadcrumbList\",\"@id\":\"https:\\\/\\\/olt-spedition.com\\\/osteuropa-spedition#breadcrumb\",\"itemListElement\":[{\"@type\":\"ListItem\",\"position\":1,\"name\":\"Startseite\",\"item\":\"https:\\\/\\\/olt-spedition.com\\\/\"},{\"@type\":\"ListItem\",\"position\":2,\"name\":\"Osteuropa-Spedition\"}]},{\"@type\":\"WebSite\",\"@id\":\"https:\\\/\\\/olt-spedition.com\\\/#website\",\"url\":\"https:\\\/\\\/olt-spedition.com\\\/\",\"name\":\"O.L.T. Spedition\",\"description\":\"Ihre Spedition f\u00fcr Deutschland und Osteuropa\",\"publisher\":{\"@id\":\"https:\\\/\\\/olt-spedition.com\\\/#organization\"},\"potentialAction\":[{\"@type\":\"SearchAction\",\"target\":{\"@type\":\"EntryPoint\",\"urlTemplate\":\"https:\\\/\\\/olt-spedition.com\\\/?s={search_term_string}\"},\"query-input\":{\"@type\":\"PropertyValueSpecification\",\"valueRequired\":true,\"valueName\":\"search_term_string\"}}],\"inLanguage\":\"en-GB\"},{\"@type\":\"Organization\",\"@id\":\"https:\\\/\\\/olt-spedition.com\\\/#organization\",\"name\":\"O.L.T. Spedition\",\"url\":\"https:\\\/\\\/olt-spedition.com\\\/\",\"logo\":{\"@type\":\"ImageObject\",\"inLanguage\":\"en-GB\",\"@id\":\"https:\\\/\\\/olt-spedition.com\\\/#\\\/schema\\\/logo\\\/image\\\/\",\"url\":\"https:\\\/\\\/olt-spedition.com\\\/wp-content\\\/uploads\\\/logo-5.png\",\"contentUrl\":\"https:\\\/\\\/olt-spedition.com\\\/wp-content\\\/uploads\\\/logo-5.png\",\"width\":420,\"height\":80,\"caption\":\"O.L.T. Spedition\"},\"image\":{\"@id\":\"https:\\\/\\\/olt-spedition.com\\\/#\\\/schema\\\/logo\\\/image\\\/\"}}]}<\/script>\n<!-- \/ Yoast SEO plugin. -->","yoast_head_json":{"title":"O.L.T. Spedition GmbH - Osteuropa Spedition","description":"Ihre erfahrene und leistungsstarke Osteuropa-Spedition ist die O.L.T. Spedition GmbH Ost Logistik & Transport aus M\u00fcnchen.","robots":{"index":"index","follow":"follow","max-snippet":"max-snippet:-1","max-image-preview":"max-image-preview:large","max-video-preview":"max-video-preview:-1"},"canonical":"https:\/\/olt-spedition.com\/en\/osteuropa-spedition\/","og_locale":"en_GB","og_type":"article","og_title":"O.L.T. Spedition GmbH - Osteuropa Spedition","og_description":"Ihre erfahrene und leistungsstarke Osteuropa-Spedition ist die O.L.T. Spedition GmbH Ost Logistik & Transport aus M\u00fcnchen.","og_url":"https:\/\/olt-spedition.com\/en\/osteuropa-spedition\/","og_site_name":"O.L.T. Spedition","article_modified_time":"2023-04-05T11:21:50+00:00","og_image":[{"url":"https:\/\/olt-spedition.com\/wp-content\/uploads\/geokarte.png","type":"","width":"","height":""}],"twitter_card":"summary_large_image","twitter_misc":{"Estimated reading time":"2 minutes"},"schema":{"@context":"https:\/\/schema.org","@graph":[{"@type":"WebPage","@id":"https:\/\/olt-spedition.com\/osteuropa-spedition","url":"https:\/\/olt-spedition.com\/osteuropa-spedition","name":"O.L.T. Spedition GmbH - Osteuropa Spedition","isPartOf":{"@id":"https:\/\/olt-spedition.com\/#website"},"primaryImageOfPage":{"@id":"https:\/\/olt-spedition.com\/osteuropa-spedition#primaryimage"},"image":{"@id":"https:\/\/olt-spedition.com\/osteuropa-spedition#primaryimage"},"thumbnailUrl":"https:\/\/olt-spedition.com\/wp-content\/uploads\/geokarte.png","datePublished":"2022-02-16T12:38:01+00:00","dateModified":"2023-04-05T11:21:50+00:00","description":"Ihre erfahrene und leistungsstarke Osteuropa-Spedition ist die O.L.T. Spedition GmbH Ost Logistik & Transport aus M\u00fcnchen.","breadcrumb":{"@id":"https:\/\/olt-spedition.com\/osteuropa-spedition#breadcrumb"},"inLanguage":"en-GB","potentialAction":[{"@type":"ReadAction","target":["https:\/\/olt-spedition.com\/osteuropa-spedition"]}]},{"@type":"ImageObject","inLanguage":"en-GB","@id":"https:\/\/olt-spedition.com\/osteuropa-spedition#primaryimage","url":"https:\/\/olt-spedition.com\/wp-content\/uploads\/geokarte.png","contentUrl":"https:\/\/olt-spedition.com\/wp-content\/uploads\/geokarte.png"},{"@type":"BreadcrumbList","@id":"https:\/\/olt-spedition.com\/osteuropa-spedition#breadcrumb","itemListElement":[{"@type":"ListItem","position":1,"name":"Startseite","item":"https:\/\/olt-spedition.com\/"},{"@type":"ListItem","position":2,"name":"Osteuropa-Spedition"}]},{"@type":"WebSite","@id":"https:\/\/olt-spedition.com\/#website","url":"https:\/\/olt-spedition.com\/","name":"O.L.T. Spedition","description":"Your haulage company for Eastern Europe","publisher":{"@id":"https:\/\/olt-spedition.com\/#organization"},"potentialAction":[{"@type":"SearchAction","target":{"@type":"EntryPoint","urlTemplate":"https:\/\/olt-spedition.com\/?s={search_term_string}"},"query-input":{"@type":"PropertyValueSpecification","valueRequired":true,"valueName":"search_term_string"}}],"inLanguage":"en-GB"},{"@type":"Organization","@id":"https:\/\/olt-spedition.com\/#organization","name":"O.L.T. Spedition","url":"https:\/\/olt-spedition.com\/","logo":{"@type":"ImageObject","inLanguage":"en-GB","@id":"https:\/\/olt-spedition.com\/#\/schema\/logo\/image\/","url":"https:\/\/olt-spedition.com\/wp-content\/uploads\/logo-5.png","contentUrl":"https:\/\/olt-spedition.com\/wp-content\/uploads\/logo-5.png","width":420,"height":80,"caption":"O.L.T. Spedition"},"image":{"@id":"https:\/\/olt-spedition.com\/#\/schema\/logo\/image\/"}}]}},"_links":{"self":[{"href":"https:\/\/olt-spedition.com\/en\/wp-json\/wp\/v2\/pages\/721","targetHints":{"allow":["GET"]}}],"collection":[{"href":"https:\/\/olt-spedition.com\/en\/wp-json\/wp\/v2\/pages"}],"about":[{"href":"https:\/\/olt-spedition.com\/en\/wp-json\/wp\/v2\/types\/page"}],"author":[{"embeddable":true,"href":"https:\/\/olt-spedition.com\/en\/wp-json\/wp\/v2\/users\/1"}],"replies":[{"embeddable":true,"href":"https:\/\/olt-spedition.com\/en\/wp-json\/wp\/v2\/comments?post=721"}],"version-history":[{"count":0,"href":"https:\/\/olt-spedition.com\/en\/wp-json\/wp\/v2\/pages\/721\/revisions"}],"wp:attachment":[{"href":"https:\/\/olt-spedition.com\/en\/wp-json\/wp\/v2\/media?parent=721"}],"curies":[{"name":"wp","href":"https:\/\/api.w.org\/{rel}","templated":true}]}}